{"id":7324,"date":"2019-01-30T12:05:57","date_gmt":"2019-01-30T12:05:57","guid":{"rendered":"http:\/\/proteo.yithemes.com\/classic-shop\/?page_id=3"},"modified":"2023-07-03T17:22:10","modified_gmt":"2023-07-03T22:22:10","slug":"terminos-condiciones","status":"publish","type":"page","link":"https:\/\/crazyfunco.com\/index.php\/terminos-condiciones\/","title":{"rendered":"T\u00e9rminos y condiciones"},"content":{"rendered":"<p>Lea detenidamente estos <strong>T\u00e9rminos y Condiciones <\/strong>antes de utilizar este sitio web y cualquier contenido de Crazy Fun Co. en redes sociales. Estos T\u00e9rminos y Condiciones ser\u00e1n de aplicaci\u00f3n a todas las visitas y uso del Sitio, as\u00ed como al Contenido, informaci\u00f3n, recomendaciones, productos y\/o servicios ofrecidos a usted en o a trav\u00e9s del Sitio. Al acceder y utilizar el Sitio, usted acepta estos T\u00e9rminos y Condiciones en su totalidad, adem\u00e1s de cualquier otra ley o reglamento que sea aplicable al Sitio y a Internet. Si no acepta estos T\u00e9rminos y Condiciones en su totalidad, por favor, abandone el Sitio.<\/p><h3 class=\"wp-block-heading\"><strong>Operador del Sitio<\/strong><\/h3><p>El Sitio es operado por un IGNACIO CERIMELE, bajo el RUC N\u00b0 15611081721, Av. Paseo de la Rep\u00fablica 5181 oficina 404B, Distrito de Surquillo, Provincia y Departamento de Lima, Rep\u00fablica del Per\u00fa.<\/p><h3 class=\"wp-block-heading\"><strong>Contenido del Sitio<\/strong><\/h3><p>Todo el contenido que aparece en el Sitio, incluyendo, aunque sin limitarse a ellos, logos, iconos, marcas comerciales, texto, gr\u00e1ficos, fotograf\u00edas, im\u00e1genes, im\u00e1genes en movimiento, sonido, ilustraciones y software (Contenido), es propiedad de Crazy Fun Co., sus licenciatarios y\/o sus proveedores de contenidos y productos. Todos los elementos del Sitio, incluyendo, aunque sin limitarse a ellos, el dise\u00f1o general y el Contenido, pueden estar protegidos por el derecho de autor, derechos morales, derechos sobre bases de datos, normativas sobre marcas comerciales y otras leyes relativas al derecho de propiedad intelectual. Salvo en los casos expresamente permitidos en este u otro acuerdo con Crazy Fun Co., ninguna parte o elemento del Sitio o su Contenido puede ser copiado o retransmitido por ning\u00fan medio. El Sitio, su Contenido y todos los derechos relacionados continuar\u00e1n siendo propiedad exclusiva de Crazy Fun Co., salvo que se acuerde expresamente otra cosa. Todos los derechos est\u00e1n reservados.<\/p><h3 class=\"wp-block-heading\"><strong>Renuncia a las garant\u00edas<\/strong><\/h3><p>El Sitio y el Contenido son gratuitos y se proporciona \u201ctal cual\u201d sin ning\u00fan tipo de garant\u00eda. La informaci\u00f3n del Sitio es solamente a efectos de informaci\u00f3n general y no constituye asesoramiento alguno.<\/p><p>Crazy Fun Co. no declara ni garantiza que la informaci\u00f3n y\/o servicios incluidos en el Sitio sean precisos, completos o actuales, ni que el Sitio o el servidor que permite que el Sitio est\u00e9 disponible est\u00e9n libres de virus o de cualquier otro componente perjudicial. Adem\u00e1s, Crazy Fun Co. no proporcionar\u00e1 ninguna infraestructura de TI o conectividad espec\u00edficas. Por lo tanto, Crazy Fun Co. no puede declarar o garantizar que el Sitio no sufra interrupciones o est\u00e9 libre de errores. Debido al continuo desarrollo y rotaci\u00f3n de nuestros productos, Crazy Fun Co. no ofrece garant\u00edas ni declaraciones relativas al uso del Contenido en el Sitio en cuanto a exactitud, precisi\u00f3n, idoneidad, utilidad, oportunidad, fiabilidad, etc. sino en conformidad a la ley.<\/p><h3 class=\"wp-block-heading\"><strong>Limitaci\u00f3n de responsabilidad<\/strong><\/h3><p>El uso que usted haga del Sitio es por su propia cuenta y riesgo. Ni Crazy Fun Co., ni ninguno de sus empleados, responsables, directores o agentes, ni ninguna otra parte involucrada en la creaci\u00f3n, la producci\u00f3n o la distribuci\u00f3n del Sitio ser\u00e1n responsables de ning\u00fan da\u00f1o directo, indirecto, especial, consecuencial, ni de otros da\u00f1os que resulten del uso del Contenido en el Sitio, o de la imposibilidad de utilizarlo, incluidos los da\u00f1os causados por virus, incorrecciones, informaci\u00f3n incompleta del Sitio, o el rendimiento de los productos, o cualquier otro da\u00f1o derivado de o en relaci\u00f3n con estos T\u00e9rminos y Condiciones sino en conformidad a la ley.<\/p><h3 class=\"wp-block-heading\"><strong>Enlaces a terceros<\/strong><\/h3><p>Para su comodidad y para mejorar el uso del Sitio, es posible que de vez en cuando se proporcionen enlaces a sitios Web cuya propiedad y control est\u00e1n en manos de terceros. Estos enlaces le llevan fuera del servicio y del Sitio de Crazy Fun Co. y escapan al control de Crazy Fun Co. Los sitios con los que usted puede enlazar tienen sus propios t\u00e9rminos y condiciones independientes, as\u00ed como su propia pol\u00edtica de privacidad. Crazy Fun Co. no se hace responsable ni puede ser considerado responsable del contenido y las actividades de estos sitios. Por ello, su visita o acceso a estos sitios queda bajo su total responsabilidad.<\/p><p>Tenga en cuenta que estos otros sitios pueden enviar sus propias cookies a los usuarios, recopilar datos o solicitar informaci\u00f3n personal y, por lo tanto, se aconseja que compruebe las condiciones de uso y las pol\u00edticas de privacidad de estos otros sitios web antes de usarlos.<\/p><h3 class=\"wp-block-heading\"><strong>Uso incorrecto del Sitio<\/strong><\/h3><p>Est\u00e1 prohibido utilizar el Sitio para enviar o transmitir cualquier Contenido generado por el usuario (tal y como se define m\u00e1s adelante) que infrinja o pueda infringir cualquier derecho de propiedad intelectual de un tercero o que sea amenazador, falso, enga\u00f1oso, subversivo, difamatorio, invasor de la privacidad, obsceno, pornogr\u00e1fico, abusivo, discriminatorio o ilegal, o que pueda constituir o incitar a conductas que podr\u00edan considerarse una infracci\u00f3n penal, o que puedan dar lugar de cualquier otra forma a responsabilidad civil o violar alguna ley. Crazy Fun Co. puede negarle el acceso al Sitio en cualquier momento a su exclusiva discreci\u00f3n, y ello podr\u00eda incluir situaciones en las que Crazy Fun Co. considere que el uso que usted hace del Sitio incumple alguno de estos T\u00e9rminos y Condiciones y\/o las leyes aplicables.<\/p><p>De igual manera se le proh\u00edbe utilizar el Sitio para anunciar o realizar oferta de bienes o servicios no autorizados expresamente, de manera previa y por escrito por Crazy Fun Co.<\/p><h3 class=\"wp-block-heading\"><strong>Contenido generado por el usuario<\/strong><\/h3><p>Crazy Fun Co. le informa que conforme con la legislaci\u00f3n aplicable, todas las opiniones, observaciones, comentarios, material gr\u00e1fico, gr\u00e1ficos, fotograf\u00edas, enlaces, preguntas, sugerencias, informaci\u00f3n, v\u00eddeos y otros materiales que usted o cualquier otro usuario del Sitio env\u00eden al Sitio o transmitan utilizando el Sitio (Contenido generado por el usuario) se considerar\u00e1n no confidenciales y no privados. Crazy Fun Co. solo act\u00faa como canal pasivo para la distribuci\u00f3n del Contenido generado por el usuario y no asume ninguna responsabilidad ni es responsable frente a usted o frente a cualquier tercero respecto al contenido o la exactitud del Contenido generado por el usuario. Crazy Fun Co. no supervisar\u00e1 continuamente el Contenido generado por el usuario publicado por usted ni moderar\u00e1 entre usuarios, y tampoco tendr\u00e1 la obligaci\u00f3n de hacerlo. Sin perjuicio de todo lo anterior, Crazy Fun Co. aclara que cualquier observaci\u00f3n, opini\u00f3n, comentario, sugerencia y otra informaci\u00f3n expresada o incluida en el Contenido generado por el usuario no necesariamente representa la de Crazy Fun Co. Cualquier uso que usted haga del Contenido generado por el usuario ser\u00e1 exclusivamente por su propia cuenta y riesgo. Crazy Fun Co. no asume ninguna responsabilidad ni es responsable en cuanto a que cualquier Contenido generado por el usuario enviado o transmitido por usted sea originalmente suyo, y que no copia el trabajo de ning\u00fan tercero o infringe de ninguna otra forma los derechos de propiedad intelectual de cualquier tercero, derechos a la privacidad o derechos de la personalidad, y no contiene ninguna declaraci\u00f3n difamatoria o calumniosa. Crazy Fun Co. podr\u00e1 ejercer acciones destinadas a indemnizar a Crazy Fun Co., y cobrar los costos, gastos, da\u00f1os, p\u00e9rdidas y responsabilidades en los que incurra o sufra Crazy Fun Co., relacionados con cualquier Contenido generado por el usuario enviado o transmitido por usted o por cualquier otro uso que usted haga del Sitio.<\/p><p>Crazy Fun Co. se reserva el derecho, seg\u00fan su propio criterio, de bloquear o eliminar (en todo o en parte) cualquier Contenido generado por el usuario enviado o transmitido por usted y que a Crazy Fun Co. le parezca disconforme con estos T\u00e9rminos y Condiciones (incluidos materiales que infrinjan o puedan infringir derechos de propiedad intelectual de terceros, derechos a la privacidad o derechos de la personalidad) o que, de otra forma, no sean considerados aceptables por Crazy Fun Co.<\/p><p>Agradeceremos comunicar por escrito oportunamente a Crazy Fun Co. cualquier Contenido generado por el usuario (o cualquier otro Contenido) que incumpla estos T\u00e9rminos y Condiciones. Agradeceremos facilitar a Crazy Fun Co. la informaci\u00f3n necesaria para que Crazy Fun Co. pueda investigar si ese Contenido generado por el usuario (o cualquier otro Contenido) incumple estos T\u00e9rminos y Condiciones. Crazy Fun Co. realizar\u00e1 sus mejores esfuerzos en investigar cualquier queja y adoptar\u00e1, a su exclusiva discreci\u00f3n, las medidas que Crazy Fun Co. estime convenientes. No obstante, Crazy Fun Co. no garantiza ni declara que bloquear\u00e1 o suprimir\u00e1 (total o parcialmente) dicho Contenido generado por el usuario o cualquier otro Contenido.<\/p><h3 class=\"wp-block-heading\"><strong>Ideas no solicitadas<\/strong><\/h3><p>Crazy Fun Co. tiene por pol\u00edtica no examinar ni aceptar env\u00edos de ideas, inventos, dise\u00f1os u otros materiales no solicitados relacionados con la actividad de Crazy Fun Co., tanto si se trata de textos, im\u00e1genes, sonidos, software, informaci\u00f3n, como de otro tipo (los Materiales), provenientes de personas fuera del \u00e1mbito de Crazy Fun Co. Por esa raz\u00f3n, no deber\u00e1 enviar Materiales al Sitio ni tampoco a Crazy Fun Co., a trav\u00e9s del correo electr\u00f3nico o de cualquier otra forma.<\/p><h3 class=\"wp-block-heading\"><strong>C\u00f3mo puede ponerse en contacto con nosotros<\/strong><\/h3><p>Si tiene alguna pregunta o comentario sobre el Sitio o estos T\u00e9rminos y Condiciones o en el caso de que desee formular una queja en relaci\u00f3n con el Sitio (o su Contenido), pulse <a href=\"https:\/\/crazyfunco.com\/index.php\/contacto\/\" class=\"ek-link\">aqu\u00ed<\/a>.<\/p><h3 class=\"wp-block-heading\"><strong><strong>Cambios en los t\u00e9rminos<\/strong><\/strong><\/h3><p>Crazy Fun Co. se reserva el derecho, seg\u00fan su propio criterio, de cambiar, modificar, a\u00f1adir o eliminar en cualquier momento cualquier parte de estos T\u00e9rminos y Condiciones. Al aceptar los presentes T\u00e9rminos y Condiciones, acepta incondicionalmente, de forma anticipada, todas las modificaciones, a\u00f1adiduras o eliminaciones que Crazy Fun Co. pueda realizar sobre estos t\u00e9rminos. Compruebe estos t\u00e9rminos peri\u00f3dicamente para informarse de dichos cambios. Si contin\u00faa utilizando el Sitio despu\u00e9s de haberse publicado los cambios de estos T\u00e9rminos y Condiciones, eso significar\u00e1 que est\u00e1 de acuerdo con dichos cambios.<\/p><h3 class=\"wp-block-heading\"><strong>Separabilidad<\/strong><\/h3><p>Cada una de las disposiciones de estos T\u00e9rminos y Condiciones se interpretar\u00e1 por separado e independientemente de las dem\u00e1s disposiciones. Si alguna disposici\u00f3n se considera inv\u00e1lida, nula o ineficaz, se considerar\u00e1 que dicha disposici\u00f3n puede ser excluida y no afectar\u00e1 a la eficacia de las restantes disposiciones de estos T\u00e9rminos y Condiciones.<\/p><h3 class=\"wp-block-heading\"><strong>Ley aplicable y jurisdicci\u00f3n<\/strong><\/h3><p>Estos T\u00e9rminos y Condiciones se regir\u00e1n por la legislaci\u00f3n del Per\u00fa y en caso de controversias \u00e9stas se resolver\u00e1n por los tribunales competentes en el territorio del Per\u00fa.<\/p>","protected":false},"excerpt":{"rendered":"<p>Lea detenidamente estos T\u00e9rminos y Condiciones antes de utilizar este sitio web y cualquier contenido de Crazy Fun Co. en redes sociales. Estos T\u00e9rminos y Condiciones ser\u00e1n de aplicaci\u00f3n a todas las visitas y uso del Sitio, as\u00ed como al Contenido, informaci\u00f3n, recomendaciones, productos y\/o servicios ofrecidos a usted en o a trav\u00e9s del Sitio.<a class=\"more-link\" href=\"https:\/\/crazyfunco.com\/index.php\/terminos-condiciones\/\">Ver m\u00e1s  &#10230;<\/a><\/p>\n","protected":false},"author":1,"featured_media":0,"parent":0,"menu_order":0,"comment_status":"closed","ping_status":"open","template":"","meta":{"_editorskit_title_hidden":false,"_editorskit_reading_time":0,"_editorskit_is_block_options_detached":false,"_editorskit_block_options_position":"{}","inline_featured_image":false,"footnotes":""},"class_list":["post-7324","page","type-page","status-publish","hentry"],"jetpack_sharing_enabled":true,"_links":{"self":[{"href":"https:\/\/crazyfunco.com\/index.php\/wp-json\/wp\/v2\/pages\/7324","targetHints":{"allow":["GET"]}}],"collection":[{"href":"https:\/\/crazyfunco.com\/index.php\/wp-json\/wp\/v2\/pages"}],"about":[{"href":"https:\/\/crazyfunco.com\/index.php\/wp-json\/wp\/v2\/types\/page"}],"author":[{"embeddable":true,"href":"https:\/\/crazyfunco.com\/index.php\/wp-json\/wp\/v2\/users\/1"}],"replies":[{"embeddable":true,"href":"https:\/\/crazyfunco.com\/index.php\/wp-json\/wp\/v2\/comments?post=7324"}],"version-history":[{"count":8,"href":"https:\/\/crazyfunco.com\/index.php\/wp-json\/wp\/v2\/pages\/7324\/revisions"}],"predecessor-version":[{"id":10261,"href":"https:\/\/crazyfunco.com\/index.php\/wp-json\/wp\/v2\/pages\/7324\/revisions\/10261"}],"wp:attachment":[{"href":"https:\/\/crazyfunco.com\/index.php\/wp-json\/wp\/v2\/media?parent=7324"}],"curies":[{"name":"wp","href":"https:\/\/api.w.org\/{rel}","templated":true}]}}