{"id":10325,"date":"2023-07-03T22:50:02","date_gmt":"2023-07-04T03:50:02","guid":{"rendered":"https:\/\/crazyfunco.com\/?post_type=product&#038;p=10325"},"modified":"2025-09-17T16:59:18","modified_gmt":"2025-09-17T21:59:18","slug":"polo-blanco-pique","status":"publish","type":"product","link":"https:\/\/crazyfunco.com\/index.php\/producto\/polo-blanco-pique\/","title":{"rendered":"Polo blanco de piqu\u00e9"},"content":{"rendered":"<p>Polo de piqu\u00e9 con \u00edcono del logo.<\/p>\n<p>Color negro, blanco y blanco con rayas en cuello y mangas<\/p>\n<p><strong>Calidad A1 | 98% algod\u00f3n, 2% elastano.<\/strong><\/p>\n<p>Producto original importado de Estados Unidos <img decoding=\"async\" class=\"emoji\" role=\"img\" draggable=\"false\" src=\"https:\/\/s.w.org\/images\/core\/emoji\/13.1.0\/svg\/1f1fa-1f1f8.svg\" alt=\"\ud83c\uddfa\ud83c\uddf8\" \/><\/p>\n<p><em>Tips: Comb\u00ednalo con nuestras bermudas y jeans \ud83d\ude0e<\/em><\/p>\n<p>&nbsp;<\/p>\n<p>&nbsp;<\/p>\n<p>&nbsp;<\/p>\n","protected":false},"excerpt":{"rendered":"<p>Polo de piqu\u00e9 con \u00edcono del logo.<\/p>\n<p>Color negro, blanco y blanco con rayas en cuello y mangas<\/p>\n<p><strong>Calidad A1 | 98% algod\u00f3n, 2% elastano.<\/strong><\/p>\n<p>Producto original importado de Estados Unidos <img decoding=\"async\" class=\"emoji\" role=\"img\" draggable=\"false\" src=\"https:\/\/s.w.org\/images\/core\/emoji\/13.1.0\/svg\/1f1fa-1f1f8.svg\" alt=\"\ud83c\uddfa\ud83c\uddf8\" \/><\/p>\n<p><em>Tips: Comb\u00ednalo con nuestras bermudas y jeans \ud83d\ude0e<\/em><\/p>\n<p>&nbsp;<\/p>\n<p>&nbsp;<\/p>\n","protected":false},"featured_media":10302,"comment_status":"open","ping_status":"closed","template":"","meta":{"_editorskit_title_hidden":false,"_editorskit_reading_time":0,"_editorskit_is_block_options_detached":false,"_editorskit_block_options_position":"{}","inline_featured_image":false},"product_cat":[52,153,56,45],"product_tag":[72,73,151],"class_list":{"0":"post-10325","1":"product","2":"type-product","3":"status-publish","4":"has-post-thumbnail","6":"product_cat-ellos","7":"product_cat-new-collection","8":"product_cat-polos_h","9":"product_cat-ropa","10":"product_tag-polo","11":"product_tag-polo-hombre","12":"product_tag-polo-pique","14":"first","15":"instock","16":"featured","17":"purchasable","18":"product-type-variable"},"jetpack_sharing_enabled":true,"_links":{"self":[{"href":"https:\/\/crazyfunco.com\/index.php\/wp-json\/wp\/v2\/product\/10325","targetHints":{"allow":["GET"]}}],"collection":[{"href":"https:\/\/crazyfunco.com\/index.php\/wp-json\/wp\/v2\/product"}],"about":[{"href":"https:\/\/crazyfunco.com\/index.php\/wp-json\/wp\/v2\/types\/product"}],"replies":[{"embeddable":true,"href":"https:\/\/crazyfunco.com\/index.php\/wp-json\/wp\/v2\/comments?post=10325"}],"wp:featuredmedia":[{"embeddable":true,"href":"https:\/\/crazyfunco.com\/index.php\/wp-json\/wp\/v2\/media\/10302"}],"wp:attachment":[{"href":"https:\/\/crazyfunco.com\/index.php\/wp-json\/wp\/v2\/media?parent=10325"}],"wp:term":[{"taxonomy":"product_cat","embeddable":true,"href":"https:\/\/crazyfunco.com\/index.php\/wp-json\/wp\/v2\/product_cat?post=10325"},{"taxonomy":"product_tag","embeddable":true,"href":"https:\/\/crazyfunco.com\/index.php\/wp-json\/wp\/v2\/product_tag?post=10325"}],"curies":[{"name":"wp","href":"https:\/\/api.w.org\/{rel}","templated":true}]}}