{"id":1744,"date":"2019-01-31T09:59:31","date_gmt":"2019-01-31T14:59:31","guid":{"rendered":"http:\/\/proteo.yithemes.com\/classic-shop\/?product=import-placeholder-for-85"},"modified":"2025-11-05T18:04:19","modified_gmt":"2025-11-05T23:04:19","slug":"bermuda-epic-flex","status":"publish","type":"product","link":"https:\/\/crazyfunco.com\/index.php\/producto\/bermuda-epic-flex\/","title":{"rendered":"Bermuda Epic Flex"},"content":{"rendered":"<p>Bermuda <strong>Epic Flex elastizada<\/strong> color azul con logo estampado.<\/p>\n<p>Muy c\u00f3moda y top! Comb\u00ednala con nuestros polos y viv\u00ed la moda a tu manera.<\/p>\n<p><strong>Calidad A1 | 4% elastane, 96% cotton<\/strong><\/p>\n<p>Producto original importado de Estados Unidos \ud83c\uddfa\ud83c\uddf8<\/p>\n","protected":false},"excerpt":{"rendered":"<p>Bermuda <strong>Epic Flex elastizada<\/strong> color azul con logo estampado.<\/p>\n<p>Muy c\u00f3moda y top! Comb\u00ednala con nuestros polos y viv\u00ed la moda a tu manera.<\/p>\n<p><strong>Calidad A1 | 4% elastane, 96% cotton<\/strong><\/p>\n<p>Producto original importado de Estados Unidos \ud83c\uddfa\ud83c\uddf8<\/p>\n","protected":false},"featured_media":10055,"comment_status":"open","ping_status":"closed","template":"","meta":{"_editorskit_title_hidden":false,"_editorskit_reading_time":0,"_editorskit_is_block_options_detached":false,"_editorskit_block_options_position":"{}","inline_featured_image":false},"product_cat":[79,52,45,152],"product_tag":[80,82],"class_list":{"0":"post-1744","1":"product","2":"type-product","3":"status-publish","4":"has-post-thumbnail","6":"product_cat-bermuda","7":"product_cat-ellos","8":"product_cat-ropa","9":"product_cat-sale","10":"product_tag-bermuda","11":"product_tag-bermuda-hombre","13":"first","14":"instock","15":"sale","16":"featured","17":"purchasable","18":"product-type-variable"},"jetpack_sharing_enabled":true,"_links":{"self":[{"href":"https:\/\/crazyfunco.com\/index.php\/wp-json\/wp\/v2\/product\/1744","targetHints":{"allow":["GET"]}}],"collection":[{"href":"https:\/\/crazyfunco.com\/index.php\/wp-json\/wp\/v2\/product"}],"about":[{"href":"https:\/\/crazyfunco.com\/index.php\/wp-json\/wp\/v2\/types\/product"}],"replies":[{"embeddable":true,"href":"https:\/\/crazyfunco.com\/index.php\/wp-json\/wp\/v2\/comments?post=1744"}],"wp:featuredmedia":[{"embeddable":true,"href":"https:\/\/crazyfunco.com\/index.php\/wp-json\/wp\/v2\/media\/10055"}],"wp:attachment":[{"href":"https:\/\/crazyfunco.com\/index.php\/wp-json\/wp\/v2\/media?parent=1744"}],"wp:term":[{"taxonomy":"product_cat","embeddable":true,"href":"https:\/\/crazyfunco.com\/index.php\/wp-json\/wp\/v2\/product_cat?post=1744"},{"taxonomy":"product_tag","embeddable":true,"href":"https:\/\/crazyfunco.com\/index.php\/wp-json\/wp\/v2\/product_tag?post=1744"}],"curies":[{"name":"wp","href":"https:\/\/api.w.org\/{rel}","templated":true}]}}