{"id":2012,"date":"2019-07-03T07:08:41","date_gmt":"2019-07-03T07:08:41","guid":{"rendered":"http:\/\/proteo.yithemes.com\/classic-shop\/?post_type=product&#038;p=2012"},"modified":"2023-06-22T19:54:20","modified_gmt":"2023-06-23T00:54:20","slug":"polo-degrade-rojo-azul","status":"publish","type":"product","link":"https:\/\/crazyfunco.com\/index.php\/producto\/polo-degrade-rojo-azul\/","title":{"rendered":"Polo degrad\u00e9 rojo azul"},"content":{"rendered":"<p>Polo hombre color degrad\u00e9 de rojo a azul, 100% algod\u00f3n. Importado de \ud83c\uddfa\ud83c\uddf8<\/p>\n<p><img decoding=\"async\" id=\"hola-icon-globe\" style=\"top: -17px; left: -55px;\" src=\"safari-extension:\/\/34E74EA8-E5EE-494F-8224-48F496BF2CC3\/c16ed7e9\/holaIconWhite.svg\" \/><\/p>\n","protected":false},"excerpt":{"rendered":"<p>Polo hombre color degrad\u00e9 de rojo a azul, 100% algod\u00f3n. Importado de \ud83c\uddfa\ud83c\uddf8<\/p>\n<p>&nbsp;<\/p>\n<p><img decoding=\"async\" id=\"hola-icon-globe\" style=\"top: -27px; left: -3px;\" src=\"safari-extension:\/\/34E74EA8-E5EE-494F-8224-48F496BF2CC3\/c16ed7e9\/holaIconWhite.svg\" \/><\/p>\n","protected":false},"featured_media":10048,"comment_status":"open","ping_status":"closed","template":"","meta":{"_editorskit_title_hidden":false,"_editorskit_reading_time":0,"_editorskit_is_block_options_detached":false,"_editorskit_block_options_position":"{}","inline_featured_image":false},"product_cat":[52,56,45],"product_tag":[72,73],"class_list":{"0":"post-2012","1":"product","2":"type-product","3":"status-publish","4":"has-post-thumbnail","6":"product_cat-ellos","7":"product_cat-polos_h","8":"product_cat-ropa","9":"product_tag-polo","10":"product_tag-polo-hombre","12":"first","13":"outofstock","14":"sale","15":"purchasable","16":"product-type-variable"},"jetpack_sharing_enabled":true,"_links":{"self":[{"href":"https:\/\/crazyfunco.com\/index.php\/wp-json\/wp\/v2\/product\/2012","targetHints":{"allow":["GET"]}}],"collection":[{"href":"https:\/\/crazyfunco.com\/index.php\/wp-json\/wp\/v2\/product"}],"about":[{"href":"https:\/\/crazyfunco.com\/index.php\/wp-json\/wp\/v2\/types\/product"}],"replies":[{"embeddable":true,"href":"https:\/\/crazyfunco.com\/index.php\/wp-json\/wp\/v2\/comments?post=2012"}],"wp:featuredmedia":[{"embeddable":true,"href":"https:\/\/crazyfunco.com\/index.php\/wp-json\/wp\/v2\/media\/10048"}],"wp:attachment":[{"href":"https:\/\/crazyfunco.com\/index.php\/wp-json\/wp\/v2\/media?parent=2012"}],"wp:term":[{"taxonomy":"product_cat","embeddable":true,"href":"https:\/\/crazyfunco.com\/index.php\/wp-json\/wp\/v2\/product_cat?post=2012"},{"taxonomy":"product_tag","embeddable":true,"href":"https:\/\/crazyfunco.com\/index.php\/wp-json\/wp\/v2\/product_tag?post=2012"}],"curies":[{"name":"wp","href":"https:\/\/api.w.org\/{rel}","templated":true}]}}