{"id":2034,"date":"2019-07-03T07:33:57","date_gmt":"2019-07-03T07:33:57","guid":{"rendered":"http:\/\/proteo.yithemes.com\/classic-shop\/?post_type=product&#038;p=2034"},"modified":"2023-06-22T19:54:19","modified_gmt":"2023-06-23T00:54:19","slug":"polo-clasico-salmon","status":"publish","type":"product","link":"https:\/\/crazyfunco.com\/index.php\/producto\/polo-clasico-salmon\/","title":{"rendered":"Polo cl\u00e1sico salm\u00f3n"},"content":{"rendered":"<p>Polo cl\u00e1sico hombre color salm\u00f3n, 100% algod\u00f3n, calidad A1. Comb\u00ednalo con nuestras bermudas y jeans. Importado de\u00a0<img decoding=\"async\" class=\"emoji\" role=\"img\" draggable=\"false\" src=\"https:\/\/s.w.org\/images\/core\/emoji\/13.1.0\/svg\/1f1fa-1f1f8.svg\" alt=\"\ud83c\uddfa\ud83c\uddf8\" \/><\/p>\n<p>&nbsp;<\/p>\n","protected":false},"excerpt":{"rendered":"<p>Polo cl\u00e1sico hombre color salm\u00f3n, 100% algod\u00f3n, calidad A1. Comb\u00ednalo con nuestras bermudas y jeans. Importado de\u00a0<img decoding=\"async\" class=\"emoji\" role=\"img\" draggable=\"false\" src=\"https:\/\/s.w.org\/images\/core\/emoji\/13.1.0\/svg\/1f1fa-1f1f8.svg\" alt=\"\ud83c\uddfa\ud83c\uddf8\" \/><\/p>\n<p><img decoding=\"async\" id=\"hola-icon-globe\" style=\"top: 52px; left: 992px;\" src=\"safari-extension:\/\/34E74EA8-E5EE-494F-8224-48F496BF2CC3\/c16ed7e9\/holaIconWhite.svg\" \/><\/p>\n","protected":false},"featured_media":10050,"comment_status":"open","ping_status":"closed","template":"","meta":{"_editorskit_title_hidden":false,"_editorskit_reading_time":0,"_editorskit_is_block_options_detached":false,"_editorskit_block_options_position":"{}","inline_featured_image":false},"product_cat":[52,56,45],"product_tag":[72,109,73],"class_list":{"0":"post-2034","1":"product","2":"type-product","3":"status-publish","4":"has-post-thumbnail","6":"product_cat-ellos","7":"product_cat-polos_h","8":"product_cat-ropa","9":"product_tag-polo","10":"product_tag-polo-clasico","11":"product_tag-polo-hombre","13":"first","14":"outofstock","15":"sale","16":"purchasable","17":"product-type-variable","18":"has-default-attributes"},"jetpack_sharing_enabled":true,"_links":{"self":[{"href":"https:\/\/crazyfunco.com\/index.php\/wp-json\/wp\/v2\/product\/2034","targetHints":{"allow":["GET"]}}],"collection":[{"href":"https:\/\/crazyfunco.com\/index.php\/wp-json\/wp\/v2\/product"}],"about":[{"href":"https:\/\/crazyfunco.com\/index.php\/wp-json\/wp\/v2\/types\/product"}],"replies":[{"embeddable":true,"href":"https:\/\/crazyfunco.com\/index.php\/wp-json\/wp\/v2\/comments?post=2034"}],"wp:featuredmedia":[{"embeddable":true,"href":"https:\/\/crazyfunco.com\/index.php\/wp-json\/wp\/v2\/media\/10050"}],"wp:attachment":[{"href":"https:\/\/crazyfunco.com\/index.php\/wp-json\/wp\/v2\/media?parent=2034"}],"wp:term":[{"taxonomy":"product_cat","embeddable":true,"href":"https:\/\/crazyfunco.com\/index.php\/wp-json\/wp\/v2\/product_cat?post=2034"},{"taxonomy":"product_tag","embeddable":true,"href":"https:\/\/crazyfunco.com\/index.php\/wp-json\/wp\/v2\/product_tag?post=2034"}],"curies":[{"name":"wp","href":"https:\/\/api.w.org\/{rel}","templated":true}]}}